{"id":20271,"date":"2015-10-22T03:26:18","date_gmt":"2015-10-22T01:26:18","guid":{"rendered":"https:\/\/ez-internationalacademy.com\/maintenance\/"},"modified":"2026-03-31T17:48:25","modified_gmt":"2026-03-31T15:48:25","slug":"maintenance","status":"publish","type":"page","link":"https:\/\/ez-internationalacademy.com\/fr\/","title":{"rendered":"Maintenance"},"content":{"rendered":"\t\t<div data-elementor-type=\"wp-page\" data-elementor-id=\"20271\" class=\"elementor elementor-20271 elementor-89\">\n\t\t\t\t<div class=\"elementor-element elementor-element-a75ae3f e-flex e-con-boxed e-con e-parent\" data-id=\"a75ae3f\" data-element_type=\"container\" data-e-type=\"container\">\n\t\t\t\t\t<div class=\"e-con-inner\">\n\t\t<div class=\"elementor-element elementor-element-e23e546 e-con-full e-flex e-con e-child\" data-id=\"e23e546\" data-element_type=\"container\" data-e-type=\"container\">\n\t\t\t\t<div class=\"elementor-element elementor-element-24af8e1 elementor-widget__width-initial elementor-widget elementor-widget-heading\" data-id=\"24af8e1\" data-element_type=\"widget\" data-e-type=\"widget\" data-widget_type=\"heading.default\">\n\t\t\t\t<div class=\"elementor-widget-container\">\n\t\t\t\t\t<p class=\"elementor-heading-title elementor-size-default\">En construction<\/p>\t\t\t\t<\/div>\n\t\t\t\t<\/div>\n\t\t\t\t<\/div>\n\t\t<div class=\"elementor-element elementor-element-c0ee8c2 e-con-full e-flex e-con e-child\" data-id=\"c0ee8c2\" data-element_type=\"container\" data-e-type=\"container\">\n\t\t\t\t<div class=\"elementor-element elementor-element-b1177f1 elementor-widget elementor-widget-wpml-language-switcher\" data-id=\"b1177f1\" data-element_type=\"widget\" data-e-type=\"widget\" data-widget_type=\"wpml-language-switcher.default\">\n\t\t\t\t<div class=\"elementor-widget-container\">\n\t\t\t\t\t<div class=\"wpml-elementor-ls\">\n<div role=\"navigation\" aria-label=\"S\u00e9lecteur de langue\" class=\"wpml-ls-statics-shortcode_actions wpml-ls wpml-ls-legacy-list-horizontal\">\n\t<ul><li class=\"wpml-ls-slot-shortcode_actions wpml-ls-item wpml-ls-item-en wpml-ls-first-item wpml-ls-item-legacy-list-horizontal\">\n\t\t\t\t<a href=\"https:\/\/ez-internationalacademy.com\/\" hreflang=\"en\" lang=\"en\" class=\"wpml-ls-link\" aria-label=\"Passer \u00e0 Anglais\" title=\"Passer \u00e0 Anglais\">\n\t\t\t\t\t                                    <img decoding=\"async\"\n            class=\"wpml-ls-flag\"\n            src=\"https:\/\/ez-internationalacademy.com\/wp-content\/plugins\/sitepress-multilingual-cms\/res\/flags\/en.svg\"\n            alt=\"Anglais\"\n            loading=\"lazy\"\n            width=18\n            height=12\n    \/><\/a>\n\t\t\t<\/li><li class=\"wpml-ls-slot-shortcode_actions wpml-ls-item wpml-ls-item-fr wpml-ls-current-language wpml-ls-last-item wpml-ls-item-legacy-list-horizontal\">\n\t\t\t\t<a href=\"https:\/\/ez-internationalacademy.com\/fr\/\" hreflang=\"fr\" lang=\"fr\" class=\"wpml-ls-link\" aria-current=\"page\" aria-label=\"Passer \u00e0 Fran\u00e7ais\" title=\"Passer \u00e0 Fran\u00e7ais\">\n\t\t\t\t\t                                    <img decoding=\"async\"\n            class=\"wpml-ls-flag\"\n            src=\"https:\/\/ez-internationalacademy.com\/wp-content\/plugins\/sitepress-multilingual-cms\/res\/flags\/fr.svg\"\n            alt=\"Fran\u00e7ais\"\n            loading=\"lazy\"\n            width=18\n            height=12\n    \/><\/a>\n\t\t\t<\/li><\/ul>\n<\/div>\n<\/div>\t\t\t\t<\/div>\n\t\t\t\t<\/div>\n\t\t\t\t<\/div>\n\t\t\t\t\t<\/div>\n\t\t\t\t<\/div>\n\t\t<div class=\"elementor-element elementor-element-97338fe e-flex e-con-boxed e-con e-parent\" data-id=\"97338fe\" data-element_type=\"container\" data-e-type=\"container\">\n\t\t\t\t\t<div class=\"e-con-inner\">\n\t\t\t\t<div class=\"elementor-element elementor-element-d076e3c elementor-widget elementor-widget-text-editor\" data-id=\"d076e3c\" data-element_type=\"widget\" data-e-type=\"widget\" data-widget_type=\"text-editor.default\">\n\t\t\t\t<div class=\"elementor-widget-container\">\n\t\t\t\t\t\t\t\t\t<h4><span style=\"color: #ffffff;\">Nous travaillons actuellement en coulisses pour am\u00e9liorer votre exp\u00e9rience. Notre site sera bient\u00f4t de retour ! <\/span><\/h4><h4><span style=\"color: #ffffff;\">CONTACT : +33 6 81 94 75 19 \/ <\/span><span style=\"color: #ffffff;\">info@ez-internationalacademy.com \/ englishzone74@gmail.com<\/span><\/h4>\t\t\t\t\t\t\t\t<\/div>\n\t\t\t\t<\/div>\n\t\t\t\t\t<\/div>\n\t\t\t\t<\/div>\n\t\t<div class=\"elementor-element elementor-element-10758e0 e-flex e-con-boxed e-con e-parent\" data-id=\"10758e0\" data-element_type=\"container\" data-e-type=\"container\">\n\t\t\t\t\t<div class=\"e-con-inner\">\n\t\t<div class=\"elementor-element elementor-element-b86ae2b e-con-full e-flex e-con e-child\" data-id=\"b86ae2b\" data-element_type=\"container\" data-e-type=\"container\">\n\t\t\t\t<div class=\"elementor-element elementor-element-34d169e elementor-widget elementor-widget-thim-ekits-contact-form-7\" data-id=\"34d169e\" data-element_type=\"widget\" data-e-type=\"widget\" data-widget_type=\"thim-ekits-contact-form-7.default\">\n\t\t\t\t<div class=\"elementor-widget-container\">\n\t\t\t\t\t\t\t\t<div class=\"thim-ekit-wpcf7\">\n\t\t\t\t\n<div class=\"wpcf7 no-js\" id=\"wpcf7-f16730-o1\" lang=\"en-US\" dir=\"ltr\" data-wpcf7-id=\"16730\">\n<div class=\"screen-reader-response\"><p role=\"status\" aria-live=\"polite\" aria-atomic=\"true\"><\/p> <ul><\/ul><\/div>\n<form action=\"\/fr\/wp-json\/wp\/v2\/pages\/20271#wpcf7-f16730-o1\" method=\"post\" class=\"wpcf7-form init\" aria-label=\"Contact form\" novalidate=\"novalidate\" data-status=\"init\">\n<fieldset class=\"hidden-fields-container\"><input type=\"hidden\" name=\"_wpcf7\" value=\"16730\" \/><input type=\"hidden\" name=\"_wpcf7_version\" value=\"6.1.5\" \/><input type=\"hidden\" name=\"_wpcf7_locale\" value=\"en_US\" \/><input type=\"hidden\" name=\"_wpcf7_unit_tag\" value=\"wpcf7-f16730-o1\" \/><input type=\"hidden\" name=\"_wpcf7_container_post\" value=\"0\" \/><input type=\"hidden\" name=\"_wpcf7_posted_data_hash\" value=\"\" \/>\n<\/fieldset>\n<p><span class=\"wpcf7-form-control-wrap\" data-name=\"your-name\"><input size=\"40\" maxlength=\"400\" class=\"wpcf7-form-control wpcf7-text\" aria-invalid=\"false\" placeholder=\"Name *\" value=\"\" type=\"text\" name=\"your-name\" \/><\/span>\n<\/p>\n<p><span class=\"wpcf7-form-control-wrap\" data-name=\"your-email\"><input size=\"40\" maxlength=\"400\" class=\"wpcf7-form-control wpcf7-email wpcf7-validates-as-required wpcf7-text wpcf7-validates-as-email\" aria-required=\"true\" aria-invalid=\"false\" placeholder=\"Email *\" value=\"\" type=\"email\" name=\"your-email\" \/><\/span>\n<\/p>\n<p><span class=\"wpcf7-form-control-wrap\" data-name=\"your-subject\"><input size=\"40\" maxlength=\"400\" class=\"wpcf7-form-control wpcf7-text wpcf7-validates-as-required\" aria-required=\"true\" aria-invalid=\"false\" placeholder=\"Subject *\" value=\"\" type=\"text\" name=\"your-subject\" \/><\/span>\n<\/p>\n<p><span class=\"wpcf7-form-control-wrap\" data-name=\"your-message\"><textarea cols=\"40\" rows=\"10\" maxlength=\"2000\" class=\"wpcf7-form-control wpcf7-textarea\" aria-invalid=\"false\" placeholder=\"Message *\" name=\"your-message\"><\/textarea><\/span>\n<\/p>\n<p><input class=\"wpcf7-form-control wpcf7-submit has-spinner\" type=\"submit\" value=\"Submit\" \/>\n<\/p><div class=\"wpcf7-response-output\" aria-hidden=\"true\"><\/div>\n<\/form>\n<\/div>\n\t\t\t<\/div>\n\t\t\t\t\t\t<\/div>\n\t\t\t\t<\/div>\n\t\t\t\t<\/div>\n\t\t<div class=\"elementor-element elementor-element-bc55642 e-con-full e-flex e-con e-child\" data-id=\"bc55642\" data-element_type=\"container\" data-e-type=\"container\">\n\t\t<div class=\"elementor-element elementor-element-71654ce e-con-full e-flex e-con e-child\" data-id=\"71654ce\" data-element_type=\"container\" data-e-type=\"container\">\n\t\t\t\t<div class=\"elementor-element elementor-element-196f18e elementor-widget elementor-widget-thim-ekits-site-logo\" data-id=\"196f18e\" data-element_type=\"widget\" data-e-type=\"widget\" data-widget_type=\"thim-ekits-site-logo.default\">\n\t\t\t\t<div class=\"elementor-widget-container\">\n\t\t\t\t\t\n\t\t<div class=\"thim-ekit-site-logo\">\n\t\t\t\t\t\t\t<a href=\"https:\/\/ez-internationalacademy.com\/fr\/\" rel=\"home\" aria-label=\"EZIA\">\n\t\t\t\t\t<img fetchpriority=\"high\" decoding=\"async\" width=\"640\" height=\"457\" src=\"https:\/\/ez-internationalacademy.com\/wp-content\/uploads\/2025\/05\/main-ezia-logo-768x548.png\" class=\"attachment-medium_large size-medium_large wp-image-20007\" alt=\"\" srcset=\"https:\/\/ez-internationalacademy.com\/wp-content\/uploads\/2025\/05\/main-ezia-logo-768x548.png 768w, https:\/\/ez-internationalacademy.com\/wp-content\/uploads\/2025\/05\/main-ezia-logo-300x214.webp 300w, https:\/\/ez-internationalacademy.com\/wp-content\/uploads\/2025\/05\/main-ezia-logo-1024x730.png 1024w, https:\/\/ez-internationalacademy.com\/wp-content\/uploads\/2025\/05\/main-ezia-logo-1536x1095.png 1536w, https:\/\/ez-internationalacademy.com\/wp-content\/uploads\/2025\/05\/main-ezia-logo-2048x1461.png 2048w, https:\/\/ez-internationalacademy.com\/wp-content\/uploads\/2025\/05\/main-ezia-logo-600x428.png 600w, https:\/\/ez-internationalacademy.com\/wp-content\/uploads\/2025\/05\/main-ezia-logo.webp 1920w\" sizes=\"(max-width: 640px) 100vw, 640px\" \/>\t\t\t\t<\/a>\n\t\t\t\t\t<\/div>\n\n\t\t\t\t\t\t<\/div>\n\t\t\t\t<\/div>\n\t\t\t\t<\/div>\n\t\t\t\t<\/div>\n\t\t\t\t\t<\/div>\n\t\t\t\t<\/div>\n\t\t\t\t<\/div>\n\t\t","protected":false},"excerpt":{"rendered":"<p>En construction Nous travaillons actuellement en coulisses pour am\u00e9liorer votre exp\u00e9rience. Notre site sera bient\u00f4t de retour ! CONTACT : +33 6 81 94 75 19 \/ info@ez-internationalacademy.com \/ englishzone74@gmail.com<\/p>\n","protected":false},"author":1,"featured_media":0,"parent":0,"menu_order":0,"comment_status":"closed","ping_status":"closed","template":"elementor_canvas","meta":{"rs_blank_template":"","rs_page_bg_color":"","slide_template_v7":"","footnotes":""},"class_list":["post-20271","page","type-page","status-publish","hentry"],"_links":{"self":[{"href":"https:\/\/ez-internationalacademy.com\/fr\/wp-json\/wp\/v2\/pages\/20271","targetHints":{"allow":["GET"]}}],"collection":[{"href":"https:\/\/ez-internationalacademy.com\/fr\/wp-json\/wp\/v2\/pages"}],"about":[{"href":"https:\/\/ez-internationalacademy.com\/fr\/wp-json\/wp\/v2\/types\/page"}],"author":[{"embeddable":true,"href":"https:\/\/ez-internationalacademy.com\/fr\/wp-json\/wp\/v2\/users\/1"}],"replies":[{"embeddable":true,"href":"https:\/\/ez-internationalacademy.com\/fr\/wp-json\/wp\/v2\/comments?post=20271"}],"version-history":[{"count":3,"href":"https:\/\/ez-internationalacademy.com\/fr\/wp-json\/wp\/v2\/pages\/20271\/revisions"}],"predecessor-version":[{"id":20278,"href":"https:\/\/ez-internationalacademy.com\/fr\/wp-json\/wp\/v2\/pages\/20271\/revisions\/20278"}],"wp:attachment":[{"href":"https:\/\/ez-internationalacademy.com\/fr\/wp-json\/wp\/v2\/media?parent=20271"}],"curies":[{"name":"wp","href":"https:\/\/api.w.org\/{rel}","templated":true}]}}